{"id":4704,"date":"2021-03-15T12:32:06","date_gmt":"2021-03-15T11:32:06","guid":{"rendered":"http:\/\/juliethcalderon.com\/?page_id=4704"},"modified":"2021-03-15T12:36:51","modified_gmt":"2021-03-15T11:36:51","slug":"quien-soy","status":"publish","type":"page","link":"https:\/\/juliethcalderon.com\/es\/quien-soy\/","title":{"rendered":"Quien soy"},"content":{"rendered":"<p>Hola\u00a1!\u00a1&nbsp;<\/p><p>Soy <strong>Julieth Calder\u00f3n<\/strong>, vivo actualmente en la Sardegna, Italia.&nbsp;<\/p><p>Soy la creadora&nbsp; de estas pinturas que espero <strong>abran tu imaginaci\u00f3n<\/strong> y te lleven a so\u00f1ar o simplemente a quedar inmerso en otra realidad.<\/p><p>Realidad que cree cuando tuve momentos dif\u00edciles y angustiantes en mi vida, empece un <strong>proceso mental de desahogo<\/strong> para plasmar sue\u00f1os y esperanzas, miedos y sentirme tranquila y relajada, tambi\u00e9n porqu\u00e9 esas pinturas me brindaban compa\u00f1\u00eda y la sensaci\u00f3n de sentirme amada y valorada .<\/p><p>Cont\u00e1ndote un poco sobre m\u00ed: modelo 1984, <strong>nac\u00ed en Colombia<\/strong>. Me separ\u00e9 a los 31 a\u00f1os y tengo dos hijos, soy&nbsp;de las bellas tierras donde nace el caf\u00e9, la gente alegre, berraca y so\u00f1adora, pujante y amable que lucha a pesar de la violencia, soy&nbsp; del&nbsp; paisaje verde vivo y monta\u00f1oso, de ese lugar donde&nbsp; en cada taza por la ma\u00f1ana hay aroma a agua panela caliente, o caf\u00e9 de mi tierra Colombiana, crec\u00ed en el seno de una familia humilde y&nbsp; peque\u00f1a, soy la menor&nbsp; de tres hermanos.<\/p><p>Sufr\u00ed 14 a\u00f1os de&nbsp; trastornos de ansiedad&nbsp; y ataques de p\u00e1nico, que logr\u00e9 transformar en arte.<\/p><p><strong>Siempre es m\u00e1s Oscuro justo antes de amanecer <\/strong>y de hecho en este ultimo a\u00f1o mi vida ha completamente cambiado.<\/p><p>Ahora estoy felizmente casada con un hombre Italiano maravilloso que es una bendici\u00f3n y promesa de Dios en mi vida\u2026 <strong>a mi vida regres\u00f3 el arte y el Color despu\u00e9s de muchos a\u00f1os de soledad<\/strong> y de haber cerrado esa puerta volv\u00ed a pintar, gracias a mi dulce esposo que me devolvi\u00f3 la inspiraci\u00f3n y la felicidad.&nbsp;<\/p><p>Los Sue\u00f1oS se cumplen s\u00ed tienes Fe verdadera.<\/p><div style='text-align:center' class='yasr-auto-insert-visitor'><!--Yasr Visitor Votes Shortcode--><div id='yasr_visitor_votes_8a43b9b68f3f1' class='yasr-visitor-votes'><div class=\"yasr-custom-text-vv-before yasr-custom-text-vv-before-4704\">Click to rate this painting!<\/div><div id='yasr-vv-second-row-container-8a43b9b68f3f1'\n                                        class='yasr-vv-second-row-container'><div id='yasr-visitor-votes-rater-8a43b9b68f3f1'\n                                      class='yasr-rater-stars-vv'\n                                      data-rater-postid='4704'\n                                      data-rating='0'\n                                      data-rater-starsize='32'\n                                      data-rater-readonly='false'\n                                      data-rater-nonce='12e6abe270'\n                                      data-issingular='false'\n                                    ><\/div><div class=\"yasr-vv-stats-text-container\" id=\"yasr-vv-stats-text-container-8a43b9b68f3f1\"><svg xmlns=\"https:\/\/www.w3.org\/2000\/svg\" width=\"20\" height=\"20\"\n                                   class=\"yasr-dashicons-visitor-stats\"\n                                   data-postid=\"4704\"\n                                   id=\"yasr-stats-dashicon-8a43b9b68f3f1\">\n                                   <path d=\"M18 18v-16h-4v16h4zM12 18v-11h-4v11h4zM6 18v-8h-4v8h4z\"><\/path>\n                               <\/svg><span id=\"yasr-vv-text-container-8a43b9b68f3f1\" class=\"yasr-vv-text-container\">[Total: <span id=\"yasr-vv-votes-number-container-8a43b9b68f3f1\">0<\/span> Average: <span id=\"yasr-vv-average-container-8a43b9b68f3f1\">0<\/span>]<\/span><\/div><div id='yasr-vv-loader-8a43b9b68f3f1' class='yasr-vv-container-loader'><\/div><\/div><div id='yasr-vv-bottom-container-8a43b9b68f3f1' class='yasr-vv-bottom-container'><\/div><\/div><!--End Yasr Visitor Votes Shortcode--><\/div>","protected":false},"excerpt":{"rendered":"<p>Hola\u00a1!\u00a1&nbsp; Soy Julieth Calder\u00f3n, vivo actualmente en la Sardegna, Italia.&nbsp; Soy la creadora&nbsp; de estas pinturas que espero abran tu imaginaci\u00f3n y te lleven a so\u00f1ar o simplemente a quedar inmerso en otra realidad. Realidad que cree cuando tuve momentos dif\u00edciles y angustiantes en mi vida, empece un proceso mental de desahogo para plasmar sue\u00f1os [&hellip;]<\/p>\n","protected":false},"author":1,"featured_media":4707,"parent":0,"menu_order":0,"comment_status":"open","ping_status":"closed","template":"","meta":{"_uag_custom_page_level_css":"","_kad_blocks_custom_css":"","_kad_blocks_head_custom_js":"","_kad_blocks_body_custom_js":"","_kad_blocks_footer_custom_js":"","site-sidebar-layout":"right-sidebar","site-content-layout":"default","ast-site-content-layout":"","site-content-style":"default","site-sidebar-style":"default","ast-global-header-display":"","ast-banner-title-visibility":"","ast-main-header-display":"","ast-hfb-above-header-display":"","ast-hfb-below-header-display":"","ast-hfb-mobile-header-display":"","site-post-title":"","ast-breadcrumbs-content":"","ast-featured-img":"","footer-sml-layout":"","theme-transparent-header-meta":"default","adv-header-id-meta":"","stick-header-meta":"default","header-above-stick-meta":"","header-main-stick-meta":"","header-below-stick-meta":"","astra-migrate-meta-layouts":"default","ast-page-background-enabled":"default","ast-page-background-meta":{"desktop":{"background-color":"","background-image":"","background-repeat":"repeat","background-position":"center center","background-size":"auto","background-attachment":"scroll","background-type":"","background-media":"","overlay-type":"","overlay-color":"","overlay-opacity":"","overlay-gradient":""},"tablet":{"background-color":"","background-image":"","background-repeat":"repeat","background-position":"center center","background-size":"auto","background-attachment":"scroll","background-type":"","background-media":"","overlay-type":"","overlay-color":"","overlay-opacity":"","overlay-gradient":""},"mobile":{"background-color":"","background-image":"","background-repeat":"repeat","background-position":"center center","background-size":"auto","background-attachment":"scroll","background-type":"","background-media":"","overlay-type":"","overlay-color":"","overlay-opacity":"","overlay-gradient":""}},"ast-content-background-meta":{"desktop":{"background-color":"var(--ast-global-color-5)","background-image":"","background-repeat":"repeat","background-position":"center center","background-size":"auto","background-attachment":"scroll","background-type":"","background-media":"","overlay-type":"","overlay-color":"","overlay-opacity":"","overlay-gradient":""},"tablet":{"background-color":"var(--ast-global-color-5)","background-image":"","background-repeat":"repeat","background-position":"center center","background-size":"auto","background-attachment":"scroll","background-type":"","background-media":"","overlay-type":"","overlay-color":"","overlay-opacity":"","overlay-gradient":""},"mobile":{"background-color":"var(--ast-global-color-5)","background-image":"","background-repeat":"repeat","background-position":"center center","background-size":"auto","background-attachment":"scroll","background-type":"","background-media":"","overlay-type":"","overlay-color":"","overlay-opacity":"","overlay-gradient":""}},"yasr_overall_rating":0,"yasr_post_is_review":"","yasr_auto_insert_disabled":"","yasr_review_type":"","footnotes":""},"class_list":["post-4704","page","type-page","status-publish","has-post-thumbnail","hentry"],"yoast_head":"<!-- This site is optimized with the Yoast SEO plugin v23.2 - https:\/\/yoast.com\/wordpress\/plugins\/seo\/ -->\n<title>Qui\u00e9n soy: Julieth Calder\u00f3n. Pagina de presentaci\u00f3n del artista.<\/title>\n<meta name=\"description\" content=\"Hola, soy Julieth Calder\u00f3n. En esta pagina podr\u00e1s leer m\u00e1s sobre mi vida y sobre mi.\" \/>\n<meta name=\"robots\" content=\"index, follow, max-snippet:-1, max-image-preview:large, max-video-preview:-1\" \/>\n<link rel=\"canonical\" href=\"https:\/\/juliethcalderon.com\/es\/quien-soy\/\" \/>\n<meta property=\"og:locale\" content=\"es_ES\" \/>\n<meta property=\"og:type\" content=\"article\" \/>\n<meta property=\"og:title\" content=\"Qui\u00e9n soy: Julieth Calder\u00f3n. Pagina de presentaci\u00f3n del artista.\" \/>\n<meta property=\"og:description\" content=\"Hola, soy Julieth Calder\u00f3n. En esta pagina podr\u00e1s leer m\u00e1s sobre mi vida y sobre mi.\" \/>\n<meta property=\"og:url\" content=\"https:\/\/juliethcalderon.com\/es\/quien-soy\/\" \/>\n<meta property=\"og:site_name\" content=\"Julieth Gallery\" \/>\n<meta property=\"article:modified_time\" content=\"2021-03-15T11:36:51+00:00\" \/>\n<meta property=\"og:image\" content=\"https:\/\/juliethcalderon.com\/wp-content\/uploads\/2021\/03\/foto-quien-soy.jpeg\" \/>\n\t<meta property=\"og:image:width\" content=\"1200\" \/>\n\t<meta property=\"og:image:height\" content=\"1599\" \/>\n\t<meta property=\"og:image:type\" content=\"image\/jpeg\" \/>\n<meta name=\"twitter:card\" content=\"summary_large_image\" \/>\n<meta name=\"twitter:label1\" content=\"Est. reading time\" \/>\n\t<meta name=\"twitter:data1\" content=\"2 minutes\" \/>\n<script type=\"application\/ld+json\" class=\"yoast-schema-graph\">{\"@context\":\"https:\/\/schema.org\",\"@graph\":[{\"@type\":\"WebPage\",\"@id\":\"https:\/\/juliethcalderon.com\/es\/quien-soy\/\",\"url\":\"https:\/\/juliethcalderon.com\/es\/quien-soy\/\",\"name\":\"Qui\u00e9n soy: Julieth Calder\u00f3n. Pagina de presentaci\u00f3n del artista.\",\"isPartOf\":{\"@id\":\"https:\/\/juliethcalderon.com\/es\/#website\"},\"primaryImageOfPage\":{\"@id\":\"https:\/\/juliethcalderon.com\/es\/quien-soy\/#primaryimage\"},\"image\":{\"@id\":\"https:\/\/juliethcalderon.com\/es\/quien-soy\/#primaryimage\"},\"thumbnailUrl\":\"https:\/\/juliethcalderon.com\/wp-content\/uploads\/2021\/03\/foto-quien-soy.jpeg\",\"datePublished\":\"2021-03-15T11:32:06+00:00\",\"dateModified\":\"2021-03-15T11:36:51+00:00\",\"description\":\"Hola, soy Julieth Calder\u00f3n. En esta pagina podr\u00e1s leer m\u00e1s sobre mi vida y sobre mi.\",\"breadcrumb\":{\"@id\":\"https:\/\/juliethcalderon.com\/es\/quien-soy\/#breadcrumb\"},\"inLanguage\":\"es-ES\",\"potentialAction\":[{\"@type\":\"ReadAction\",\"target\":[\"https:\/\/juliethcalderon.com\/es\/quien-soy\/\"]}]},{\"@type\":\"ImageObject\",\"inLanguage\":\"es-ES\",\"@id\":\"https:\/\/juliethcalderon.com\/es\/quien-soy\/#primaryimage\",\"url\":\"https:\/\/juliethcalderon.com\/wp-content\/uploads\/2021\/03\/foto-quien-soy.jpeg\",\"contentUrl\":\"https:\/\/juliethcalderon.com\/wp-content\/uploads\/2021\/03\/foto-quien-soy.jpeg\",\"width\":1200,\"height\":1599,\"caption\":\"Foto de Julieth Calder\u00f3n\"},{\"@type\":\"BreadcrumbList\",\"@id\":\"https:\/\/juliethcalderon.com\/es\/quien-soy\/#breadcrumb\",\"itemListElement\":[{\"@type\":\"ListItem\",\"position\":1,\"name\":\"Home\",\"item\":\"https:\/\/juliethcalderon.com\/es\/\"},{\"@type\":\"ListItem\",\"position\":2,\"name\":\"Quien soy\"}]},{\"@type\":\"WebSite\",\"@id\":\"https:\/\/juliethcalderon.com\/es\/#website\",\"url\":\"https:\/\/juliethcalderon.com\/es\/\",\"name\":\"Julieth Gallery\",\"description\":\"Todos los ni\u00f1os son artistas. El problema es mantenerlos as\u00ed hasta que crezcan\",\"publisher\":{\"@id\":\"https:\/\/juliethcalderon.com\/es\/#\/schema\/person\/13346374a9835fab49d1a7eb60020290\"},\"potentialAction\":[{\"@type\":\"SearchAction\",\"target\":{\"@type\":\"EntryPoint\",\"urlTemplate\":\"https:\/\/juliethcalderon.com\/es\/?s={search_term_string}\"},\"query-input\":\"required name=search_term_string\"}],\"inLanguage\":\"es-ES\"},{\"@type\":[\"Person\",\"Organization\"],\"@id\":\"https:\/\/juliethcalderon.com\/es\/#\/schema\/person\/13346374a9835fab49d1a7eb60020290\",\"name\":\"Julieth Calder\u00f3n\",\"image\":{\"@type\":\"ImageObject\",\"inLanguage\":\"es-ES\",\"@id\":\"https:\/\/juliethcalderon.com\/es\/#\/schema\/person\/image\/\",\"url\":\"http:\/\/juliethcalderon.com\/wp-content\/uploads\/2021\/03\/foto-quien-soy.jpeg\",\"contentUrl\":\"http:\/\/juliethcalderon.com\/wp-content\/uploads\/2021\/03\/foto-quien-soy.jpeg\",\"width\":1200,\"height\":1599,\"caption\":\"Julieth Calder\u00f3n\"},\"logo\":{\"@id\":\"https:\/\/juliethcalderon.com\/es\/#\/schema\/person\/image\/\"},\"sameAs\":[\"http:\/\/juliethcalderon.com\"]},false]}<\/script>\n<!-- \/ Yoast SEO plugin. -->","yoast_head_json":{"title":"Qui\u00e9n soy: Julieth Calder\u00f3n. Pagina de presentaci\u00f3n del artista.","description":"Hola, soy Julieth Calder\u00f3n. En esta pagina podr\u00e1s leer m\u00e1s sobre mi vida y sobre mi.","robots":{"index":"index","follow":"follow","max-snippet":"max-snippet:-1","max-image-preview":"max-image-preview:large","max-video-preview":"max-video-preview:-1"},"canonical":"https:\/\/juliethcalderon.com\/es\/quien-soy\/","og_locale":"es_ES","og_type":"article","og_title":"Qui\u00e9n soy: Julieth Calder\u00f3n. Pagina de presentaci\u00f3n del artista.","og_description":"Hola, soy Julieth Calder\u00f3n. En esta pagina podr\u00e1s leer m\u00e1s sobre mi vida y sobre mi.","og_url":"https:\/\/juliethcalderon.com\/es\/quien-soy\/","og_site_name":"Julieth Gallery","article_modified_time":"2021-03-15T11:36:51+00:00","og_image":[{"width":1200,"height":1599,"url":"https:\/\/juliethcalderon.com\/wp-content\/uploads\/2021\/03\/foto-quien-soy.jpeg","type":"image\/jpeg"}],"twitter_card":"summary_large_image","twitter_misc":{"Est. reading time":"2 minutes"},"schema":{"@context":"https:\/\/schema.org","@graph":[{"@type":"WebPage","@id":"https:\/\/juliethcalderon.com\/es\/quien-soy\/","url":"https:\/\/juliethcalderon.com\/es\/quien-soy\/","name":"Qui\u00e9n soy: Julieth Calder\u00f3n. Pagina de presentaci\u00f3n del artista.","isPartOf":{"@id":"https:\/\/juliethcalderon.com\/es\/#website"},"primaryImageOfPage":{"@id":"https:\/\/juliethcalderon.com\/es\/quien-soy\/#primaryimage"},"image":{"@id":"https:\/\/juliethcalderon.com\/es\/quien-soy\/#primaryimage"},"thumbnailUrl":"https:\/\/juliethcalderon.com\/wp-content\/uploads\/2021\/03\/foto-quien-soy.jpeg","datePublished":"2021-03-15T11:32:06+00:00","dateModified":"2021-03-15T11:36:51+00:00","description":"Hola, soy Julieth Calder\u00f3n. En esta pagina podr\u00e1s leer m\u00e1s sobre mi vida y sobre mi.","breadcrumb":{"@id":"https:\/\/juliethcalderon.com\/es\/quien-soy\/#breadcrumb"},"inLanguage":"es-ES","potentialAction":[{"@type":"ReadAction","target":["https:\/\/juliethcalderon.com\/es\/quien-soy\/"]}]},{"@type":"ImageObject","inLanguage":"es-ES","@id":"https:\/\/juliethcalderon.com\/es\/quien-soy\/#primaryimage","url":"https:\/\/juliethcalderon.com\/wp-content\/uploads\/2021\/03\/foto-quien-soy.jpeg","contentUrl":"https:\/\/juliethcalderon.com\/wp-content\/uploads\/2021\/03\/foto-quien-soy.jpeg","width":1200,"height":1599,"caption":"Foto de Julieth Calder\u00f3n"},{"@type":"BreadcrumbList","@id":"https:\/\/juliethcalderon.com\/es\/quien-soy\/#breadcrumb","itemListElement":[{"@type":"ListItem","position":1,"name":"Home","item":"https:\/\/juliethcalderon.com\/es\/"},{"@type":"ListItem","position":2,"name":"Quien soy"}]},{"@type":"WebSite","@id":"https:\/\/juliethcalderon.com\/es\/#website","url":"https:\/\/juliethcalderon.com\/es\/","name":"Julieth Gallery","description":"Todos los ni\u00f1os son artistas. El problema es mantenerlos as\u00ed hasta que crezcan","publisher":{"@id":"https:\/\/juliethcalderon.com\/es\/#\/schema\/person\/13346374a9835fab49d1a7eb60020290"},"potentialAction":[{"@type":"SearchAction","target":{"@type":"EntryPoint","urlTemplate":"https:\/\/juliethcalderon.com\/es\/?s={search_term_string}"},"query-input":"required name=search_term_string"}],"inLanguage":"es-ES"},{"@type":["Person","Organization"],"@id":"https:\/\/juliethcalderon.com\/es\/#\/schema\/person\/13346374a9835fab49d1a7eb60020290","name":"Julieth Calder\u00f3n","image":{"@type":"ImageObject","inLanguage":"es-ES","@id":"https:\/\/juliethcalderon.com\/es\/#\/schema\/person\/image\/","url":"http:\/\/juliethcalderon.com\/wp-content\/uploads\/2021\/03\/foto-quien-soy.jpeg","contentUrl":"http:\/\/juliethcalderon.com\/wp-content\/uploads\/2021\/03\/foto-quien-soy.jpeg","width":1200,"height":1599,"caption":"Julieth Calder\u00f3n"},"logo":{"@id":"https:\/\/juliethcalderon.com\/es\/#\/schema\/person\/image\/"},"sameAs":["http:\/\/juliethcalderon.com"]},false]}},"yasr_visitor_votes":{"stars_attributes":{"read_only":false,"span_bottom":false},"number_of_votes":0,"sum_votes":0},"featured_image_src_large":["https:\/\/juliethcalderon.com\/wp-content\/uploads\/2021\/03\/foto-quien-soy-768x1024.jpeg",768,1024,true],"author_info":{"display_name":"Julieth Calder\u00f3n","author_link":"https:\/\/juliethcalderon.com\/es\/author\/angelacalderonbetgmail-com\/"},"comment_info":0,"taxonomy_info":[],"jetpack_sharing_enabled":true,"uagb_featured_image_src":{"full":["https:\/\/juliethcalderon.com\/wp-content\/uploads\/2021\/03\/foto-quien-soy.jpeg",1200,1599,false],"thumbnail":["https:\/\/juliethcalderon.com\/wp-content\/uploads\/2021\/03\/foto-quien-soy-150x150.jpeg",150,150,true],"medium":["https:\/\/juliethcalderon.com\/wp-content\/uploads\/2021\/03\/foto-quien-soy-225x300.jpeg",225,300,true],"medium_large":["https:\/\/juliethcalderon.com\/wp-content\/uploads\/2021\/03\/foto-quien-soy-768x1023.jpeg",768,1023,true],"large":["https:\/\/juliethcalderon.com\/wp-content\/uploads\/2021\/03\/foto-quien-soy-768x1024.jpeg",768,1024,true],"1536x1536":["https:\/\/juliethcalderon.com\/wp-content\/uploads\/2021\/03\/foto-quien-soy-1153x1536.jpeg",1153,1536,true],"2048x2048":["https:\/\/juliethcalderon.com\/wp-content\/uploads\/2021\/03\/foto-quien-soy.jpeg",1200,1599,false],"woocommerce_thumbnail":["https:\/\/juliethcalderon.com\/wp-content\/uploads\/2021\/03\/foto-quien-soy-300x300.jpeg",300,300,true],"woocommerce_single":["https:\/\/juliethcalderon.com\/wp-content\/uploads\/2021\/03\/foto-quien-soy-600x800.jpeg",600,800,true],"woocommerce_gallery_thumbnail":["https:\/\/juliethcalderon.com\/wp-content\/uploads\/2021\/03\/foto-quien-soy-100x100.jpeg",100,100,true]},"uagb_author_info":{"display_name":"Julieth Calder\u00f3n","author_link":"https:\/\/juliethcalderon.com\/es\/author\/angelacalderonbetgmail-com\/"},"uagb_comment_info":0,"uagb_excerpt":"Hola\u00a1!\u00a1&nbsp; Soy Julieth Calder\u00f3n, vivo actualmente en la Sardegna, Italia.&nbsp; Soy la creadora&nbsp; de estas pinturas que espero abran tu imaginaci\u00f3n y te lleven a so\u00f1ar o simplemente a quedar inmerso en otra realidad. Realidad que cree cuando tuve momentos dif\u00edciles y angustiantes en mi vida, empece un proceso mental de desahogo para plasmar sue\u00f1os&hellip;","_links":{"self":[{"href":"https:\/\/juliethcalderon.com\/es\/wp-json\/wp\/v2\/pages\/4704"}],"collection":[{"href":"https:\/\/juliethcalderon.com\/es\/wp-json\/wp\/v2\/pages"}],"about":[{"href":"https:\/\/juliethcalderon.com\/es\/wp-json\/wp\/v2\/types\/page"}],"author":[{"embeddable":true,"href":"https:\/\/juliethcalderon.com\/es\/wp-json\/wp\/v2\/users\/1"}],"replies":[{"embeddable":true,"href":"https:\/\/juliethcalderon.com\/es\/wp-json\/wp\/v2\/comments?post=4704"}],"version-history":[{"count":0,"href":"https:\/\/juliethcalderon.com\/es\/wp-json\/wp\/v2\/pages\/4704\/revisions"}],"wp:featuredmedia":[{"embeddable":true,"href":"https:\/\/juliethcalderon.com\/es\/wp-json\/wp\/v2\/media\/4707"}],"wp:attachment":[{"href":"https:\/\/juliethcalderon.com\/es\/wp-json\/wp\/v2\/media?parent=4704"}],"curies":[{"name":"wp","href":"https:\/\/api.w.org\/{rel}","templated":true}]}}